{"id":2904,"date":"2025-08-25T03:45:26","date_gmt":"2025-08-25T03:45:26","guid":{"rendered":"https:\/\/rogerbcntwo.maktechinstitute.com\/?page_id=2904"},"modified":"2026-03-28T15:38:09","modified_gmt":"2026-03-28T15:38:09","slug":"politica-de-respeto","status":"publish","type":"page","link":"https:\/\/anabarredo.com\/en\/politica-de-respeto\/","title":{"rendered":"Code of Conduct"},"content":{"rendered":"<div data-elementor-type=\"wp-page\" data-elementor-id=\"2904\" class=\"elementor elementor-2904\" data-elementor-post-type=\"page\">\n\t\t\t\t\t\t<section class=\"elementor-section elementor-top-section elementor-element elementor-element-139ed30 elementor-section-boxed elementor-section-height-default elementor-section-height-default\" data-id=\"139ed30\" data-element_type=\"section\" data-settings=\"{&quot;background_background&quot;:&quot;classic&quot;}\">\n\t\t\t\t\t\t\t<div class=\"elementor-background-overlay\"><\/div>\n\t\t\t\t\t\t\t<div class=\"elementor-container elementor-column-gap-default\">\n\t\t\t\t\t<div class=\"elementor-column elementor-col-100 elementor-top-column elementor-element elementor-element-44b4abd\" data-id=\"44b4abd\" data-element_type=\"column\">\n\t\t\t<div class=\"elementor-widget-wrap elementor-element-populated\">\n\t\t\t\t\t\t<div class=\"elementor-element elementor-element-5bda6c1 elementor-widget elementor-widget-heading\" data-id=\"5bda6c1\" data-element_type=\"widget\" data-widget_type=\"heading.default\">\n\t\t\t\t\t<h2 class=\"elementor-heading-title elementor-size-default\">Code of Conduct\n<\/h2>\t\t\t\t<\/div>\n\t\t\t\t\t<\/div>\n\t\t<\/div>\n\t\t\t\t\t<\/div>\n\t\t<\/section>\n\t\t\t\t<section class=\"elementor-section elementor-top-section elementor-element elementor-element-bb01227 elementor-section-boxed elementor-section-height-default elementor-section-height-default\" data-id=\"bb01227\" data-element_type=\"section\">\n\t\t\t\t\t\t<div class=\"elementor-container elementor-column-gap-default\">\n\t\t\t\t\t<div class=\"elementor-column elementor-col-100 elementor-top-column elementor-element elementor-element-db154ca\" data-id=\"db154ca\" data-element_type=\"column\">\n\t\t\t<div class=\"elementor-widget-wrap elementor-element-populated\">\n\t\t\t\t\t\t<div class=\"elementor-element elementor-element-44f2c64 elementor-widget elementor-widget-text-editor\" data-id=\"44f2c64\" data-element_type=\"widget\" data-widget_type=\"text-editor.default\">\n\t\t\t\t\t\t\t\t\t<h3><strong>Respect and Professional Conduct Policy<\/strong><\/h3><p>At anabarredo.com, I offer every session with respect, trust, and professionalism. True wellbeing can only exist in a safe environment, which is why I place great importance on both the quality of care and respect for personal boundaries.<\/p><div contenteditable=\"false\"><hr \/><\/div><h3><strong>1. Service Environment and Purpose<\/strong><\/h3><p>All services \u2014including massage, Reiki, nutrition, or any other form of support\u2014 are strictly therapeutic and focused on wellbeing.<\/p><p>No sexual services are provided, and any behaviour, comments, or attitudes that may be inappropriate or cause discomfort will not be accepted.<\/p><div contenteditable=\"false\"><hr \/><\/div><h3><strong>2. Respect and Safety<\/strong><\/h3><p>Respect is essential to ensure a positive experience.<br>Any lack of respect or inappropriate behaviour will result in the immediate termination of the session, without the right to a refund.<br \/>Cualquier falta de respeto o conducta inadecuada supondr\u00e1 la interrupci\u00f3n inmediata del servicio, sin derecho a reembolso.<\/p><p>Likewise, I am committed to providing an ethical, attentive, and fully respectful approach to every individual.<\/p><div contenteditable=\"false\"><hr \/><\/div><h3><strong>3. Communication and Trust<\/strong><\/h3><p>Every body and every process is unique.<\/p><p>Please feel free to share any discomfort or request adjustments at any point during the session, so we can maintain open and respectful communication.<\/p><div contenteditable=\"false\"><hr \/><\/div><h3>\u00a0<\/h3><p>Thank you for contributing to a space of wellbeing, trust, and mutual respect.<\/p><div contenteditable=\"false\"><hr \/><\/div><p>Last updated: January 2026<\/p>\t\t\t\t\t\t\t\t<\/div>\n\t\t\t\t\t<\/div>\n\t\t<\/div>\n\t\t\t\t\t<\/div>\n\t\t<\/section>\n\t\t\t\t<\/div>","protected":false},"excerpt":{"rendered":"<p>Pol\u00edtica de Respeto Pol\u00edtica de Respeto y Conducta Profesional En anabarredo.com cada sesi\u00f3n se ofrece desde el respeto, la confianza y la profesionalidad. El bienestar solo puede darse en un entorno seguro, por eso cuidamos tanto la calidad del trato como los l\u00edmites personales. 1. Entorno y finalidad de los servicios Todos los servicios \u2014masajes, [&hellip;]<\/p>\n","protected":false},"author":3,"featured_media":0,"parent":0,"menu_order":0,"comment_status":"closed","ping_status":"closed","template":"elementor_header_footer","meta":{"_jf_save_progress":"","footnotes":""},"class_list":["post-2904","page","type-page","status-publish","hentry"],"yoast_head":"<!-- This site is optimized with the Yoast SEO plugin v27.0 - https:\/\/yoast.com\/product\/yoast-seo-wordpress\/ -->\n<title>Pol\u00edtica de Respeto - Ana Barredo<\/title>\n<meta name=\"robots\" content=\"index, follow, max-snippet:-1, max-image-preview:large, max-video-preview:-1\" \/>\n<link rel=\"canonical\" href=\"https:\/\/anabarredo.com\/en\/politica-de-respeto\/\" \/>\n<meta property=\"og:locale\" content=\"en_US\" \/>\n<meta property=\"og:type\" content=\"article\" \/>\n<meta property=\"og:title\" content=\"Pol\u00edtica de Respeto - Ana Barredo\" \/>\n<meta property=\"og:description\" content=\"Pol\u00edtica de Respeto Pol\u00edtica de Respeto y Conducta Profesional En anabarredo.com cada sesi\u00f3n se ofrece desde el respeto, la confianza y la profesionalidad. El bienestar solo puede darse en un entorno seguro, por eso cuidamos tanto la calidad del trato como los l\u00edmites personales. 1. Entorno y finalidad de los servicios Todos los servicios \u2014masajes, [&hellip;]\" \/>\n<meta property=\"og:url\" content=\"https:\/\/anabarredo.com\/en\/politica-de-respeto\/\" \/>\n<meta property=\"og:site_name\" content=\"Ana Barredo\" \/>\n<meta property=\"article:modified_time\" content=\"2026-03-28T15:38:09+00:00\" \/>\n<meta name=\"twitter:card\" content=\"summary_large_image\" \/>\n<meta name=\"twitter:label1\" content=\"Est. reading time\" \/>\n\t<meta name=\"twitter:data1\" content=\"1 minute\" \/>\n<script type=\"application\/ld+json\" class=\"yoast-schema-graph\">{\"@context\":\"https:\/\/schema.org\",\"@graph\":[{\"@type\":\"WebPage\",\"@id\":\"https:\/\/anabarredo.com\/politica-de-respeto\/\",\"url\":\"https:\/\/anabarredo.com\/politica-de-respeto\/\",\"name\":\"Pol\u00edtica de Respeto - Ana Barredo\",\"isPartOf\":{\"@id\":\"https:\/\/anabarredo.com\/#website\"},\"datePublished\":\"2025-08-25T03:45:26+00:00\",\"dateModified\":\"2026-03-28T15:38:09+00:00\",\"breadcrumb\":{\"@id\":\"https:\/\/anabarredo.com\/politica-de-respeto\/#breadcrumb\"},\"inLanguage\":\"en-US\",\"potentialAction\":[{\"@type\":\"ReadAction\",\"target\":[\"https:\/\/anabarredo.com\/politica-de-respeto\/\"]}]},{\"@type\":\"BreadcrumbList\",\"@id\":\"https:\/\/anabarredo.com\/politica-de-respeto\/#breadcrumb\",\"itemListElement\":[{\"@type\":\"ListItem\",\"position\":1,\"name\":\"Portada\",\"item\":\"https:\/\/anabarredo.com\/\"},{\"@type\":\"ListItem\",\"position\":2,\"name\":\"Pol\u00edtica de Respeto\"}]},{\"@type\":\"WebSite\",\"@id\":\"https:\/\/anabarredo.com\/#website\",\"url\":\"https:\/\/anabarredo.com\/\",\"name\":\"Ana Barredo\",\"description\":\"\",\"publisher\":{\"@id\":\"https:\/\/anabarredo.com\/#organization\"},\"potentialAction\":[{\"@type\":\"SearchAction\",\"target\":{\"@type\":\"EntryPoint\",\"urlTemplate\":\"https:\/\/anabarredo.com\/?s={search_term_string}\"},\"query-input\":{\"@type\":\"PropertyValueSpecification\",\"valueRequired\":true,\"valueName\":\"search_term_string\"}}],\"inLanguage\":\"en-US\"},{\"@type\":\"Organization\",\"@id\":\"https:\/\/anabarredo.com\/#organization\",\"name\":\"Ana Barredo\",\"url\":\"https:\/\/anabarredo.com\/\",\"logo\":{\"@type\":\"ImageObject\",\"inLanguage\":\"en-US\",\"@id\":\"https:\/\/anabarredo.com\/#\/schema\/logo\/image\/\",\"url\":\"https:\/\/anabarredo.com\/wp-content\/uploads\/2025\/08\/Logo-OK-scaled-e1767226492883.png\",\"contentUrl\":\"https:\/\/anabarredo.com\/wp-content\/uploads\/2025\/08\/Logo-OK-scaled-e1767226492883.png\",\"width\":687,\"height\":367,\"caption\":\"Ana Barredo\"},\"image\":{\"@id\":\"https:\/\/anabarredo.com\/#\/schema\/logo\/image\/\"},\"sameAs\":[\"https:\/\/www.instagram.com\/stories\/anabama_ciencia\/\",\"https:\/\/www.linkedin.com\/in\/anabarredomatatagui\/\"]}]}<\/script>\n<!-- \/ Yoast SEO plugin. -->","yoast_head_json":{"title":"Pol\u00edtica de Respeto - Ana Barredo","robots":{"index":"index","follow":"follow","max-snippet":"max-snippet:-1","max-image-preview":"max-image-preview:large","max-video-preview":"max-video-preview:-1"},"canonical":"https:\/\/anabarredo.com\/en\/politica-de-respeto\/","og_locale":"en_US","og_type":"article","og_title":"Pol\u00edtica de Respeto - Ana Barredo","og_description":"Pol\u00edtica de Respeto Pol\u00edtica de Respeto y Conducta Profesional En anabarredo.com cada sesi\u00f3n se ofrece desde el respeto, la confianza y la profesionalidad. El bienestar solo puede darse en un entorno seguro, por eso cuidamos tanto la calidad del trato como los l\u00edmites personales. 1. Entorno y finalidad de los servicios Todos los servicios \u2014masajes, [&hellip;]","og_url":"https:\/\/anabarredo.com\/en\/politica-de-respeto\/","og_site_name":"Ana Barredo","article_modified_time":"2026-03-28T15:38:09+00:00","twitter_card":"summary_large_image","twitter_misc":{"Est. reading time":"1 minute"},"schema":{"@context":"https:\/\/schema.org","@graph":[{"@type":"WebPage","@id":"https:\/\/anabarredo.com\/politica-de-respeto\/","url":"https:\/\/anabarredo.com\/politica-de-respeto\/","name":"Pol\u00edtica de Respeto - Ana Barredo","isPartOf":{"@id":"https:\/\/anabarredo.com\/#website"},"datePublished":"2025-08-25T03:45:26+00:00","dateModified":"2026-03-28T15:38:09+00:00","breadcrumb":{"@id":"https:\/\/anabarredo.com\/politica-de-respeto\/#breadcrumb"},"inLanguage":"en-US","potentialAction":[{"@type":"ReadAction","target":["https:\/\/anabarredo.com\/politica-de-respeto\/"]}]},{"@type":"BreadcrumbList","@id":"https:\/\/anabarredo.com\/politica-de-respeto\/#breadcrumb","itemListElement":[{"@type":"ListItem","position":1,"name":"Portada","item":"https:\/\/anabarredo.com\/"},{"@type":"ListItem","position":2,"name":"Pol\u00edtica de Respeto"}]},{"@type":"WebSite","@id":"https:\/\/anabarredo.com\/#website","url":"https:\/\/anabarredo.com\/","name":"Ana Barredo","description":"","publisher":{"@id":"https:\/\/anabarredo.com\/#organization"},"potentialAction":[{"@type":"SearchAction","target":{"@type":"EntryPoint","urlTemplate":"https:\/\/anabarredo.com\/?s={search_term_string}"},"query-input":{"@type":"PropertyValueSpecification","valueRequired":true,"valueName":"search_term_string"}}],"inLanguage":"en-US"},{"@type":"Organization","@id":"https:\/\/anabarredo.com\/#organization","name":"Ana Barredo","url":"https:\/\/anabarredo.com\/","logo":{"@type":"ImageObject","inLanguage":"en-US","@id":"https:\/\/anabarredo.com\/#\/schema\/logo\/image\/","url":"https:\/\/anabarredo.com\/wp-content\/uploads\/2025\/08\/Logo-OK-scaled-e1767226492883.png","contentUrl":"https:\/\/anabarredo.com\/wp-content\/uploads\/2025\/08\/Logo-OK-scaled-e1767226492883.png","width":687,"height":367,"caption":"Ana Barredo"},"image":{"@id":"https:\/\/anabarredo.com\/#\/schema\/logo\/image\/"},"sameAs":["https:\/\/www.instagram.com\/stories\/anabama_ciencia\/","https:\/\/www.linkedin.com\/in\/anabarredomatatagui\/"]}]}},"_links":{"self":[{"href":"https:\/\/anabarredo.com\/en\/wp-json\/wp\/v2\/pages\/2904","targetHints":{"allow":["GET"]}}],"collection":[{"href":"https:\/\/anabarredo.com\/en\/wp-json\/wp\/v2\/pages"}],"about":[{"href":"https:\/\/anabarredo.com\/en\/wp-json\/wp\/v2\/types\/page"}],"author":[{"embeddable":true,"href":"https:\/\/anabarredo.com\/en\/wp-json\/wp\/v2\/users\/3"}],"replies":[{"embeddable":true,"href":"https:\/\/anabarredo.com\/en\/wp-json\/wp\/v2\/comments?post=2904"}],"version-history":[{"count":26,"href":"https:\/\/anabarredo.com\/en\/wp-json\/wp\/v2\/pages\/2904\/revisions"}],"predecessor-version":[{"id":5642,"href":"https:\/\/anabarredo.com\/en\/wp-json\/wp\/v2\/pages\/2904\/revisions\/5642"}],"wp:attachment":[{"href":"https:\/\/anabarredo.com\/en\/wp-json\/wp\/v2\/media?parent=2904"}],"curies":[{"name":"wp","href":"https:\/\/api.w.org\/{rel}","templated":true}]}}