{"id":2401,"date":"2025-08-17T05:57:55","date_gmt":"2025-08-17T05:57:55","guid":{"rendered":"https:\/\/rogerbcntwo.maktechinstitute.com\/?page_id=2401"},"modified":"2026-04-12T16:55:40","modified_gmt":"2026-04-12T16:55:40","slug":"contactame","status":"publish","type":"page","link":"https:\/\/anabarredo.com\/en\/contactame\/","title":{"rendered":"Get in touch"},"content":{"rendered":"\t\t<div data-elementor-type=\"wp-page\" data-elementor-id=\"2401\" class=\"elementor elementor-2401\" data-elementor-post-type=\"page\">\n\t\t\t\t\t\t<section class=\"elementor-section elementor-top-section elementor-element elementor-element-1cb78bc elementor-section-boxed elementor-section-height-default elementor-section-height-default\" data-id=\"1cb78bc\" data-element_type=\"section\" data-settings=\"{&quot;background_background&quot;:&quot;classic&quot;}\">\n\t\t\t\t\t\t\t<div class=\"elementor-background-overlay\"><\/div>\n\t\t\t\t\t\t\t<div class=\"elementor-container elementor-column-gap-default\">\n\t\t\t\t\t<div class=\"elementor-column elementor-col-100 elementor-top-column elementor-element elementor-element-8dd0da8\" data-id=\"8dd0da8\" data-element_type=\"column\">\n\t\t\t<div class=\"elementor-widget-wrap elementor-element-populated\">\n\t\t\t\t\t\t<div class=\"elementor-element elementor-element-cb7004b elementor-widget elementor-widget-heading\" data-id=\"cb7004b\" data-element_type=\"widget\" data-widget_type=\"heading.default\">\n\t\t\t\t\t<h2 class=\"elementor-heading-title elementor-size-default\">Cont\u00e1ctame<\/h2>\t\t\t\t<\/div>\n\t\t\t\t\t<\/div>\n\t\t<\/div>\n\t\t\t\t\t<\/div>\n\t\t<\/section>\n\t\t\t\t<section class=\"elementor-section elementor-top-section elementor-element elementor-element-19d3873e elementor-section-boxed elementor-section-height-default elementor-section-height-default\" data-id=\"19d3873e\" data-element_type=\"section\" data-settings=\"{&quot;background_background&quot;:&quot;classic&quot;}\">\n\t\t\t\t\t\t\t<div class=\"elementor-background-overlay\"><\/div>\n\t\t\t\t\t\t\t<div class=\"elementor-container elementor-column-gap-default\">\n\t\t\t\t\t<div class=\"elementor-column elementor-col-100 elementor-top-column elementor-element elementor-element-6cd1be2\" data-id=\"6cd1be2\" data-element_type=\"column\">\n\t\t\t<div class=\"elementor-widget-wrap elementor-element-populated\">\n\t\t\t\t\t\t<section class=\"elementor-section elementor-inner-section elementor-element elementor-element-750777df elementor-section-full_width elementor-section-height-default elementor-section-height-default\" data-id=\"750777df\" data-element_type=\"section\">\n\t\t\t\t\t\t<div class=\"elementor-container elementor-column-gap-default\">\n\t\t\t\t\t<div class=\"elementor-column elementor-col-100 elementor-inner-column elementor-element elementor-element-39abbf6d\" data-id=\"39abbf6d\" data-element_type=\"column\">\n\t\t\t<div class=\"elementor-widget-wrap elementor-element-populated\">\n\t\t\t\t\t\t<div class=\"elementor-element elementor-element-2949605f elementor-widget elementor-widget-heading\" data-id=\"2949605f\" data-element_type=\"widget\" data-widget_type=\"heading.default\">\n\t\t\t\t\t<h2 class=\"elementor-heading-title elementor-size-default\">Salud y bienestar<\/h2>\t\t\t\t<\/div>\n\t\t\t\t<div class=\"elementor-element elementor-element-79ef341 elementor-widget elementor-widget-heading\" data-id=\"79ef341\" data-element_type=\"widget\" data-widget_type=\"heading.default\">\n\t\t\t\t\t<h2 class=\"elementor-heading-title elementor-size-default\">\u00bfNecesitas a un experto?<\/h2>\t\t\t\t<\/div>\n\t\t\t\t\t<\/div>\n\t\t<\/div>\n\t\t\t\t\t<\/div>\n\t\t<\/section>\n\t\t\t\t<section class=\"elementor-section elementor-inner-section elementor-element elementor-element-7d8052c elementor-section-full_width elementor-section-height-default elementor-section-height-default\" data-id=\"7d8052c\" data-element_type=\"section\">\n\t\t\t\t\t\t<div class=\"elementor-container elementor-column-gap-default\">\n\t\t\t\t\t<div class=\"elementor-column elementor-col-50 elementor-inner-column elementor-element elementor-element-1208b6db\" data-id=\"1208b6db\" data-element_type=\"column\">\n\t\t\t<div class=\"elementor-widget-wrap elementor-element-populated\">\n\t\t\t\t\t\t<div class=\"elementor-element elementor-element-fccbf63 elementor-widget elementor-widget-text-editor\" data-id=\"fccbf63\" data-element_type=\"widget\" data-widget_type=\"text-editor.default\">\n\t\t\t\t\t\t\t\t\t<p><br \/>Cuidarte tambi\u00e9n es escucharte. Si sientes que ha llegado el momento de recuperar equilibrio y energ\u00eda, estar\u00e9 aqu\u00ed para guiarte en este proceso.<\/p>\t\t\t\t\t\t\t\t<\/div>\n\t\t\t\t<div class=\"elementor-element elementor-element-58bcc6d elementor-widget elementor-widget-text-editor\" data-id=\"58bcc6d\" data-element_type=\"widget\" data-widget_type=\"text-editor.default\">\n\t\t\t\t\t\t\t\t\t<p>Da el primer paso y dime que necesitas.<\/p>\t\t\t\t\t\t\t\t<\/div>\n\t\t\t\t<div class=\"elementor-element elementor-element-75aed9ac elementor-icon-list--layout-traditional elementor-list-item-link-full_width elementor-widget elementor-widget-icon-list\" data-id=\"75aed9ac\" data-element_type=\"widget\" data-widget_type=\"icon-list.default\">\n\t\t\t\t\t\t\t<ul class=\"elementor-icon-list-items\">\n\t\t\t\t\t\t\t<li class=\"elementor-icon-list-item\">\n\t\t\t\t\t\t\t\t\t\t\t<a href=\"tel:+34%20676%20660%20176\">\n\n\t\t\t\t\t\t\t\t\t\t\t\t<span class=\"elementor-icon-list-icon\">\n\t\t\t\t\t\t\t<svg aria-hidden=\"true\" class=\"e-font-icon-svg e-fas-phone-square-alt\" viewBox=\"0 0 448 512\" xmlns=\"http:\/\/www.w3.org\/2000\/svg\"><path d=\"M400 32H48A48 48 0 0 0 0 80v352a48 48 0 0 0 48 48h352a48 48 0 0 0 48-48V80a48 48 0 0 0-48-48zm-16.39 307.37l-15 65A15 15 0 0 1 354 416C194 416 64 286.29 64 126a15.7 15.7 0 0 1 11.63-14.61l65-15A18.23 18.23 0 0 1 144 96a16.27 16.27 0 0 1 13.79 9.09l30 70A17.9 17.9 0 0 1 189 181a17 17 0 0 1-5.5 11.61l-37.89 31a231.91 231.91 0 0 0 110.78 110.78l31-37.89A17 17 0 0 1 299 291a17.85 17.85 0 0 1 5.91 1.21l70 30A16.25 16.25 0 0 1 384 336a17.41 17.41 0 0 1-.39 3.37z\"><\/path><\/svg>\t\t\t\t\t\t<\/span>\n\t\t\t\t\t\t\t\t\t\t<span class=\"elementor-icon-list-text\">+34 676 40 77 26<\/span>\n\t\t\t\t\t\t\t\t\t\t\t<\/a>\n\t\t\t\t\t\t\t\t\t<\/li>\n\t\t\t\t\t\t<\/ul>\n\t\t\t\t\t\t<\/div>\n\t\t\t\t<div class=\"elementor-element elementor-element-5d9991a6 elementor-icon-list--layout-traditional elementor-list-item-link-full_width elementor-widget elementor-widget-icon-list\" data-id=\"5d9991a6\" data-element_type=\"widget\" data-widget_type=\"icon-list.default\">\n\t\t\t\t\t\t\t<ul class=\"elementor-icon-list-items\">\n\t\t\t\t\t\t\t<li class=\"elementor-icon-list-item\">\n\t\t\t\t\t\t\t\t\t\t\t<a href=\"mailto:ana@anabarredo.com\">\n\n\t\t\t\t\t\t\t\t\t\t\t\t<span class=\"elementor-icon-list-icon\">\n\t\t\t\t\t\t\t<svg aria-hidden=\"true\" class=\"e-font-icon-svg e-fas-envelope\" viewBox=\"0 0 512 512\" xmlns=\"http:\/\/www.w3.org\/2000\/svg\"><path d=\"M502.3 190.8c3.9-3.1 9.7-.2 9.7 4.7V400c0 26.5-21.5 48-48 48H48c-26.5 0-48-21.5-48-48V195.6c0-5 5.7-7.8 9.7-4.7 22.4 17.4 52.1 39.5 154.1 113.6 21.1 15.4 56.7 47.8 92.2 47.6 35.7.3 72-32.8 92.3-47.6 102-74.1 131.6-96.3 154-113.7zM256 320c23.2.4 56.6-29.2 73.4-41.4 132.7-96.3 142.8-104.7 173.4-128.7 5.8-4.5 9.2-11.5 9.2-18.9v-19c0-26.5-21.5-48-48-48H48C21.5 64 0 85.5 0 112v19c0 7.4 3.4 14.3 9.2 18.9 30.6 23.9 40.7 32.4 173.4 128.7 16.8 12.2 50.2 41.8 73.4 41.4z\"><\/path><\/svg>\t\t\t\t\t\t<\/span>\n\t\t\t\t\t\t\t\t\t\t<span class=\"elementor-icon-list-text\">ana@anabarredo.com<\/span>\n\t\t\t\t\t\t\t\t\t\t\t<\/a>\n\t\t\t\t\t\t\t\t\t<\/li>\n\t\t\t\t\t\t<\/ul>\n\t\t\t\t\t\t<\/div>\n\t\t\t\t<div class=\"elementor-element elementor-element-2cf0022e elementor-align-start elementor-icon-list--layout-traditional elementor-list-item-link-full_width elementor-widget elementor-widget-icon-list\" data-id=\"2cf0022e\" data-element_type=\"widget\" data-widget_type=\"icon-list.default\">\n\t\t\t\t\t\t\t<ul class=\"elementor-icon-list-items\">\n\t\t\t\t\t\t\t<li class=\"elementor-icon-list-item\">\n\t\t\t\t\t\t\t\t\t\t\t<span class=\"elementor-icon-list-icon\">\n\t\t\t\t\t\t\t<svg aria-hidden=\"true\" class=\"e-font-icon-svg e-fas-map-marker-alt\" viewBox=\"0 0 384 512\" xmlns=\"http:\/\/www.w3.org\/2000\/svg\"><path d=\"M172.268 501.67C26.97 291.031 0 269.413 0 192 0 85.961 85.961 0 192 0s192 85.961 192 192c0 77.413-26.97 99.031-172.268 309.67-9.535 13.774-29.93 13.773-39.464 0zM192 272c44.183 0 80-35.817 80-80s-35.817-80-80-80-80 35.817-80 80 35.817 80 80 80z\"><\/path><\/svg>\t\t\t\t\t\t<\/span>\n\t\t\t\t\t\t\t\t\t\t<span class=\"elementor-icon-list-text\">Travessera de Dalt 98, 08024, Barcelona<\/span>\n\t\t\t\t\t\t\t\t\t<\/li>\n\t\t\t\t\t\t<\/ul>\n\t\t\t\t\t\t<\/div>\n\t\t\t\t\t<\/div>\n\t\t<\/div>\n\t\t\t\t<div class=\"elementor-column elementor-col-50 elementor-inner-column elementor-element elementor-element-7e7e8fd2\" data-id=\"7e7e8fd2\" data-element_type=\"column\">\n\t\t\t<div class=\"elementor-widget-wrap elementor-element-populated\">\n\t\t\t\t\t\t<div class=\"elementor-element elementor-element-3cbbfd8 elementor-button-align-stretch elementor-widget elementor-widget-form\" data-id=\"3cbbfd8\" data-element_type=\"widget\" data-settings=\"{&quot;step_next_label&quot;:&quot;Next&quot;,&quot;step_previous_label&quot;:&quot;Previous&quot;,&quot;button_width&quot;:&quot;100&quot;,&quot;step_type&quot;:&quot;number_text&quot;,&quot;step_icon_shape&quot;:&quot;circle&quot;}\" data-widget_type=\"form.default\">\n\t\t\t\t\t\t\t<form class=\"elementor-form\" method=\"post\" name=\"New Form\" aria-label=\"New Form\">\n\t\t\t<input type=\"hidden\" name=\"post_id\" value=\"2401\"\/>\n\t\t\t<input type=\"hidden\" name=\"form_id\" value=\"3cbbfd8\"\/>\n\t\t\t<input type=\"hidden\" name=\"referer_title\" value=\"CONT\u00c1CTAME - Ana Barredo\" \/>\n\n\t\t\t\t\t\t\t<input type=\"hidden\" name=\"queried_id\" value=\"2401\"\/>\n\t\t\t\n\t\t\t<div class=\"elementor-form-fields-wrapper elementor-labels-above\">\n\t\t\t\t\t\t\t\t<div class=\"elementor-field-type-text elementor-field-group elementor-column elementor-field-group-name elementor-col-100\">\n\t\t\t\t\t\t\t\t\t\t\t\t\t<input size=\"1\" type=\"text\" name=\"form_fields[name]\" id=\"form-field-name\" class=\"elementor-field elementor-size-md  elementor-field-textual\" placeholder=\"Nombre\">\n\t\t\t\t\t\t\t\t\t\t\t<\/div>\n\t\t\t\t\t\t\t\t<div class=\"elementor-field-type-text elementor-field-group elementor-column elementor-field-group-email elementor-col-100 elementor-field-required\">\n\t\t\t\t\t\t\t\t\t\t\t\t\t<input size=\"1\" type=\"text\" name=\"form_fields[email]\" id=\"form-field-email\" class=\"elementor-field elementor-size-md  elementor-field-textual\" placeholder=\"Email o Tel\u00e9fono\" required=\"required\">\n\t\t\t\t\t\t\t\t\t\t\t<\/div>\n\t\t\t\t\t\t\t\t<div class=\"elementor-field-type-textarea elementor-field-group elementor-column elementor-field-group-field_0af51a7 elementor-col-100\">\n\t\t\t\t\t<textarea class=\"elementor-field-textual elementor-field  elementor-size-md\" name=\"form_fields[field_0af51a7]\" id=\"form-field-field_0af51a7\" rows=\"4\" placeholder=\"Mansaje\"><\/textarea>\t\t\t\t<\/div>\n\t\t\t\t\t\t\t\t<div class=\"elementor-field-type-recaptcha elementor-field-group elementor-column elementor-field-group-field_804e4ff elementor-col-100\">\n\t\t\t\t\t<div class=\"elementor-field\" id=\"form-field-field_804e4ff\"><div class=\"elementor-g-recaptcha\" data-sitekey=\"6LeQLHUsAAAAALUmzkNrcMhAG2u_-gRk6Rasidil\" data-type=\"v2_checkbox\" data-theme=\"light\" data-size=\"normal\"><\/div><\/div>\t\t\t\t<\/div>\n\t\t\t\t\t\t\t\t<div class=\"elementor-field-group elementor-column elementor-field-type-submit elementor-col-100 e-form__buttons\">\n\t\t\t\t\t<button class=\"elementor-button elementor-size-sm\" type=\"submit\">\n\t\t\t\t\t\t<span class=\"elementor-button-content-wrapper\">\n\t\t\t\t\t\t\t\t\t\t\t\t\t\t\t\t\t\t\t\t\t\t<span class=\"elementor-button-text\">Enviar<\/span>\n\t\t\t\t\t\t\t\t\t\t\t\t\t<\/span>\n\t\t\t\t\t<\/button>\n\t\t\t\t<\/div>\n\t\t\t<\/div>\n\t\t<\/form>\n\t\t\t\t\t\t<\/div>\n\t\t\t\t\t<\/div>\n\t\t<\/div>\n\t\t\t\t\t<\/div>\n\t\t<\/section>\n\t\t\t\t\t<\/div>\n\t\t<\/div>\n\t\t\t\t\t<\/div>\n\t\t<\/section>\n\t\t\t\t<section class=\"elementor-section elementor-top-section elementor-element elementor-element-4986efc5 elementor-section-full_width elementor-section-height-default elementor-section-height-default\" data-id=\"4986efc5\" data-element_type=\"section\">\n\t\t\t\t\t\t<div class=\"elementor-container elementor-column-gap-default\">\n\t\t\t\t\t<div class=\"elementor-column elementor-col-100 elementor-top-column elementor-element elementor-element-2bfbae9e\" data-id=\"2bfbae9e\" data-element_type=\"column\">\n\t\t\t<div class=\"elementor-widget-wrap elementor-element-populated\">\n\t\t\t\t\t\t<div class=\"elementor-element elementor-element-b84bd44 elementor-widget elementor-widget-heading\" data-id=\"b84bd44\" data-element_type=\"widget\" data-widget_type=\"heading.default\">\n\t\t\t\t\t<span class=\"elementor-heading-title elementor-size-default\"><b>Servicios a domicilio<\/b> disponibles en Barcelona ciudad (consultarme para\notras localidades)<\/span>\t\t\t\t<\/div>\n\t\t\t\t<div class=\"elementor-element elementor-element-43336ee elementor-widget-divider--view-line elementor-widget elementor-widget-divider\" data-id=\"43336ee\" data-element_type=\"widget\" data-widget_type=\"divider.default\">\n\t\t\t\t\t\t\t<div class=\"elementor-divider\">\n\t\t\t<span class=\"elementor-divider-separator\">\n\t\t\t\t\t\t<\/span>\n\t\t<\/div>\n\t\t\t\t\t\t<\/div>\n\t\t\t\t<div class=\"elementor-element elementor-element-50a6cae elementor-widget elementor-widget-google_maps\" data-id=\"50a6cae\" data-element_type=\"widget\" data-widget_type=\"google_maps.default\">\n\t\t\t\t\t\t\t<div class=\"elementor-custom-embed\">\n\t\t\t<iframe loading=\"lazy\"\n\t\t\t\t\tsrc=\"https:\/\/maps.google.com\/maps?q=Travessera%20de%20Dalt%2098%2C%2008024%2C%20Barcelona&#038;t=m&#038;z=15&#038;output=embed&#038;iwloc=near\"\n\t\t\t\t\ttitle=\"Travessera de Dalt 98, 08024, Barcelona\"\n\t\t\t\t\taria-label=\"Travessera de Dalt 98, 08024, Barcelona\"\n\t\t\t><\/iframe>\n\t\t<\/div>\n\t\t\t\t\t\t<\/div>\n\t\t\t\t\t<\/div>\n\t\t<\/div>\n\t\t\t\t\t<\/div>\n\t\t<\/section>\n\t\t\t\t<\/div>\n\t\t","protected":false},"excerpt":{"rendered":"<p>Cont\u00e1ctame Salud y bienestar \u00bfNecesitas a un experto? Cuidarte tambi\u00e9n es escucharte. Si sientes que ha llegado el momento de recuperar equilibrio y energ\u00eda, estar\u00e9 aqu\u00ed para guiarte en este proceso. Da el primer paso y dime que necesitas. +34 676 40 77 26 ana@anabarredo.com Travessera de Dalt 98, 08024, Barcelona Servicios a domicilio disponibles [&hellip;]<\/p>\n","protected":false},"author":3,"featured_media":0,"parent":0,"menu_order":0,"comment_status":"closed","ping_status":"closed","template":"","meta":{"_jf_save_progress":"","footnotes":""},"class_list":["post-2401","page","type-page","status-publish","hentry"],"yoast_head":"<!-- This site is optimized with the Yoast SEO plugin v27.0 - https:\/\/yoast.com\/product\/yoast-seo-wordpress\/ -->\n<title>CONT\u00c1CTAME - Ana Barredo<\/title>\n<meta name=\"robots\" content=\"index, follow, max-snippet:-1, max-image-preview:large, max-video-preview:-1\" \/>\n<link rel=\"canonical\" href=\"https:\/\/anabarredo.com\/en\/contactame\/\" \/>\n<meta property=\"og:locale\" content=\"en_US\" \/>\n<meta property=\"og:type\" content=\"article\" \/>\n<meta property=\"og:title\" content=\"CONT\u00c1CTAME - Ana Barredo\" \/>\n<meta property=\"og:description\" content=\"Cont\u00e1ctame Salud y bienestar \u00bfNecesitas a un experto? Cuidarte tambi\u00e9n es escucharte. Si sientes que ha llegado el momento de recuperar equilibrio y energ\u00eda, estar\u00e9 aqu\u00ed para guiarte en este proceso. Da el primer paso y dime que necesitas. +34 676 40 77 26 ana@anabarredo.com Travessera de Dalt 98, 08024, Barcelona Servicios a domicilio disponibles [&hellip;]\" \/>\n<meta property=\"og:url\" content=\"https:\/\/anabarredo.com\/en\/contactame\/\" \/>\n<meta property=\"og:site_name\" content=\"Ana Barredo\" \/>\n<meta property=\"article:modified_time\" content=\"2026-04-12T16:55:40+00:00\" \/>\n<meta name=\"twitter:card\" content=\"summary_large_image\" \/>\n<meta name=\"twitter:label1\" content=\"Est. reading time\" \/>\n\t<meta name=\"twitter:data1\" content=\"1 minute\" \/>\n<script type=\"application\/ld+json\" class=\"yoast-schema-graph\">{\"@context\":\"https:\/\/schema.org\",\"@graph\":[{\"@type\":\"WebPage\",\"@id\":\"https:\/\/anabarredo.com\/contactame\/\",\"url\":\"https:\/\/anabarredo.com\/contactame\/\",\"name\":\"CONT\u00c1CTAME - Ana Barredo\",\"isPartOf\":{\"@id\":\"https:\/\/anabarredo.com\/#website\"},\"datePublished\":\"2025-08-17T05:57:55+00:00\",\"dateModified\":\"2026-04-12T16:55:40+00:00\",\"breadcrumb\":{\"@id\":\"https:\/\/anabarredo.com\/contactame\/#breadcrumb\"},\"inLanguage\":\"en-US\",\"potentialAction\":[{\"@type\":\"ReadAction\",\"target\":[\"https:\/\/anabarredo.com\/contactame\/\"]}]},{\"@type\":\"BreadcrumbList\",\"@id\":\"https:\/\/anabarredo.com\/contactame\/#breadcrumb\",\"itemListElement\":[{\"@type\":\"ListItem\",\"position\":1,\"name\":\"Portada\",\"item\":\"https:\/\/anabarredo.com\/\"},{\"@type\":\"ListItem\",\"position\":2,\"name\":\"CONT\u00c1CTAME\"}]},{\"@type\":\"WebSite\",\"@id\":\"https:\/\/anabarredo.com\/#website\",\"url\":\"https:\/\/anabarredo.com\/\",\"name\":\"Ana Barredo\",\"description\":\"\",\"publisher\":{\"@id\":\"https:\/\/anabarredo.com\/#organization\"},\"potentialAction\":[{\"@type\":\"SearchAction\",\"target\":{\"@type\":\"EntryPoint\",\"urlTemplate\":\"https:\/\/anabarredo.com\/?s={search_term_string}\"},\"query-input\":{\"@type\":\"PropertyValueSpecification\",\"valueRequired\":true,\"valueName\":\"search_term_string\"}}],\"inLanguage\":\"en-US\"},{\"@type\":\"Organization\",\"@id\":\"https:\/\/anabarredo.com\/#organization\",\"name\":\"Ana Barredo\",\"url\":\"https:\/\/anabarredo.com\/\",\"logo\":{\"@type\":\"ImageObject\",\"inLanguage\":\"en-US\",\"@id\":\"https:\/\/anabarredo.com\/#\/schema\/logo\/image\/\",\"url\":\"https:\/\/anabarredo.com\/wp-content\/uploads\/2025\/08\/Logo-OK-scaled-e1767226492883.png\",\"contentUrl\":\"https:\/\/anabarredo.com\/wp-content\/uploads\/2025\/08\/Logo-OK-scaled-e1767226492883.png\",\"width\":687,\"height\":367,\"caption\":\"Ana Barredo\"},\"image\":{\"@id\":\"https:\/\/anabarredo.com\/#\/schema\/logo\/image\/\"},\"sameAs\":[\"https:\/\/www.instagram.com\/stories\/anabama_ciencia\/\",\"https:\/\/www.linkedin.com\/in\/anabarredomatatagui\/\"]}]}<\/script>\n<!-- \/ Yoast SEO plugin. -->","yoast_head_json":{"title":"CONT\u00c1CTAME - Ana Barredo","robots":{"index":"index","follow":"follow","max-snippet":"max-snippet:-1","max-image-preview":"max-image-preview:large","max-video-preview":"max-video-preview:-1"},"canonical":"https:\/\/anabarredo.com\/en\/contactame\/","og_locale":"en_US","og_type":"article","og_title":"CONT\u00c1CTAME - Ana Barredo","og_description":"Cont\u00e1ctame Salud y bienestar \u00bfNecesitas a un experto? Cuidarte tambi\u00e9n es escucharte. Si sientes que ha llegado el momento de recuperar equilibrio y energ\u00eda, estar\u00e9 aqu\u00ed para guiarte en este proceso. Da el primer paso y dime que necesitas. +34 676 40 77 26 ana@anabarredo.com Travessera de Dalt 98, 08024, Barcelona Servicios a domicilio disponibles [&hellip;]","og_url":"https:\/\/anabarredo.com\/en\/contactame\/","og_site_name":"Ana Barredo","article_modified_time":"2026-04-12T16:55:40+00:00","twitter_card":"summary_large_image","twitter_misc":{"Est. reading time":"1 minute"},"schema":{"@context":"https:\/\/schema.org","@graph":[{"@type":"WebPage","@id":"https:\/\/anabarredo.com\/contactame\/","url":"https:\/\/anabarredo.com\/contactame\/","name":"CONT\u00c1CTAME - Ana Barredo","isPartOf":{"@id":"https:\/\/anabarredo.com\/#website"},"datePublished":"2025-08-17T05:57:55+00:00","dateModified":"2026-04-12T16:55:40+00:00","breadcrumb":{"@id":"https:\/\/anabarredo.com\/contactame\/#breadcrumb"},"inLanguage":"en-US","potentialAction":[{"@type":"ReadAction","target":["https:\/\/anabarredo.com\/contactame\/"]}]},{"@type":"BreadcrumbList","@id":"https:\/\/anabarredo.com\/contactame\/#breadcrumb","itemListElement":[{"@type":"ListItem","position":1,"name":"Portada","item":"https:\/\/anabarredo.com\/"},{"@type":"ListItem","position":2,"name":"CONT\u00c1CTAME"}]},{"@type":"WebSite","@id":"https:\/\/anabarredo.com\/#website","url":"https:\/\/anabarredo.com\/","name":"Ana Barredo","description":"","publisher":{"@id":"https:\/\/anabarredo.com\/#organization"},"potentialAction":[{"@type":"SearchAction","target":{"@type":"EntryPoint","urlTemplate":"https:\/\/anabarredo.com\/?s={search_term_string}"},"query-input":{"@type":"PropertyValueSpecification","valueRequired":true,"valueName":"search_term_string"}}],"inLanguage":"en-US"},{"@type":"Organization","@id":"https:\/\/anabarredo.com\/#organization","name":"Ana Barredo","url":"https:\/\/anabarredo.com\/","logo":{"@type":"ImageObject","inLanguage":"en-US","@id":"https:\/\/anabarredo.com\/#\/schema\/logo\/image\/","url":"https:\/\/anabarredo.com\/wp-content\/uploads\/2025\/08\/Logo-OK-scaled-e1767226492883.png","contentUrl":"https:\/\/anabarredo.com\/wp-content\/uploads\/2025\/08\/Logo-OK-scaled-e1767226492883.png","width":687,"height":367,"caption":"Ana Barredo"},"image":{"@id":"https:\/\/anabarredo.com\/#\/schema\/logo\/image\/"},"sameAs":["https:\/\/www.instagram.com\/stories\/anabama_ciencia\/","https:\/\/www.linkedin.com\/in\/anabarredomatatagui\/"]}]}},"_links":{"self":[{"href":"https:\/\/anabarredo.com\/en\/wp-json\/wp\/v2\/pages\/2401","targetHints":{"allow":["GET"]}}],"collection":[{"href":"https:\/\/anabarredo.com\/en\/wp-json\/wp\/v2\/pages"}],"about":[{"href":"https:\/\/anabarredo.com\/en\/wp-json\/wp\/v2\/types\/page"}],"author":[{"embeddable":true,"href":"https:\/\/anabarredo.com\/en\/wp-json\/wp\/v2\/users\/3"}],"replies":[{"embeddable":true,"href":"https:\/\/anabarredo.com\/en\/wp-json\/wp\/v2\/comments?post=2401"}],"version-history":[{"count":323,"href":"https:\/\/anabarredo.com\/en\/wp-json\/wp\/v2\/pages\/2401\/revisions"}],"predecessor-version":[{"id":5683,"href":"https:\/\/anabarredo.com\/en\/wp-json\/wp\/v2\/pages\/2401\/revisions\/5683"}],"wp:attachment":[{"href":"https:\/\/anabarredo.com\/en\/wp-json\/wp\/v2\/media?parent=2401"}],"curies":[{"name":"wp","href":"https:\/\/api.w.org\/{rel}","templated":true}]}}